{"id":10,"date":"2016-05-05T20:02:11","date_gmt":"2016-05-05T17:02:11","guid":{"rendered":"http:\/\/poliisimajalaiset.fi\/beta\/?page_id=10"},"modified":"2023-02-13T18:05:36","modified_gmt":"2023-02-13T15:05:36","slug":"membership-registration","status":"publish","type":"page","link":"https:\/\/poliisimajalaiset.fi\/?page_id=10","title":{"rendered":"Rekister\u00f6inti (vain majalaisille)."},"content":{"rendered":"<div class=\"swpm-registration-widget-form\">\n    <form id=\"swpm-registration-form\" class=\"swpm-validate-form\" name=\"swpm-registration-form\" method=\"post\" action=\"\">\n        <input type =\"hidden\" name=\"level_identifier\" value=\"c81e728d9d4c2f636f067f89cc14862c\" \/>\n        <table>\n            <tr class=\"swpm-registration-username-row\" >\n                <td><label for=\"user_name\">K\u00e4ytt\u00e4j\u00e4tunnus<\/label><\/td>\n                <td><input type=\"text\" id=\"user_name\" class=\"validate[required,custom[noapostrophe],custom[SWPMUserName],minSize[4],ajax[ajaxUserCall]]\" value=\"\" size=\"50\" name=\"user_name\" \/><\/td>\n            <\/tr>\n            <tr class=\"swpm-registration-email-row\">\n                <td><label for=\"email\">S\u00e4hk\u00f6postiosoite<\/label><\/td>\n                <td><input type=\"text\" autocomplete=\"off\" id=\"email\" class=\"validate[required,custom[email],ajax[ajaxEmailCall]]\" value=\"\" size=\"50\" name=\"email\" \/><\/td>\n            <\/tr>\n            <tr class=\"swpm-registration-password-row\">\n                <td><label for=\"password\">Salasana<\/label><\/td>\n                <td><input type=\"password\" autocomplete=\"off\" id=\"password\" class=\"\" value=\"\" size=\"50\" name=\"password\" \/><\/td>\n            <\/tr>\n            <tr class=\"swpm-registration-password-retype-row\">\n                <td><label for=\"password_re\">Toista salasana<\/label><\/td>\n                <td><input type=\"password\" autocomplete=\"off\" id=\"password_re\" value=\"\" size=\"50\" name=\"password_re\" \/><\/td>\n            <\/tr>\n            <tr class=\"swpm-registration-firstname-row\" >\n                <td><label for=\"first_name\">Etunimi<\/label><\/td>\n                <td><input type=\"text\" id=\"first_name\" value=\"\" size=\"50\" name=\"first_name\" \/><\/td>\n            <\/tr>\n            <tr class=\"swpm-registration-lastname-row\" >\n                <td><label for=\"last_name\">Sukunimi<\/label><\/td>\n                <td><input type=\"text\" id=\"last_name\" value=\"\" size=\"50\" name=\"last_name\" \/><\/td>\n            <\/tr>\n            <tr class=\"swpm-registration-membership-level-row\" >\n                <td><label for=\"membership_level\">J\u00e4senyystaso<\/label><\/td>\n                <td>\n                    Lukija<input type=\"hidden\" value=\"2\" size=\"50\" name=\"swpm_membership_level\" id=\"membership_level\" \/><input type=\"hidden\" name=\"swpm_level_hash\" value=\"068e0911e02b0a75aaf1b9cec653f70b\" \/>                <\/td>\n            <\/tr>\n                    <\/table>\n\n        <div class=\"swpm-before-registration-submit-section\" align=\"center\"><\/div>\n\n        <div class=\"swpm-registration-submit-section\" align=\"center\">\n            <input type=\"submit\" value=\"Rekister\u00f6idy\" class=\"swpm-registration-submit\" name=\"swpm_registration_submit\" \/>\n        <\/div>\n\n        <input type=\"hidden\" name=\"action\" value=\"custom_posts\" \/>\n\n    <\/form>\n<\/div>\n\n<p>Rekister\u00f6itymisen j\u00e4lkeen saat s\u00e4hk\u00f6postiisi vahvistuksen rekister\u00f6itymisest\u00e4si, jonka j\u00e4lkeen yll\u00e4pit\u00e4j\u00e4t varmistavat sinut m\u00f6kkil\u00e4iseksi. Koska t\u00e4m\u00e4 tehd\u00e4\u00e4n k\u00e4sin, viivett\u00e4 saattaa olla pari p\u00e4iv\u00e4\u00e4.<\/p>\n","protected":false},"excerpt":{"rendered":"<p>Rekister\u00f6itymisen j\u00e4lkeen saat s\u00e4hk\u00f6postiisi vahvistuksen rekister\u00f6itymisest\u00e4si, jonka j\u00e4lkeen yll\u00e4pit\u00e4j\u00e4t varmistavat sinut m\u00f6kkil\u00e4iseksi. Koska t\u00e4m\u00e4 tehd\u00e4\u00e4n k\u00e4sin, viivett\u00e4 saattaa olla pari p\u00e4iv\u00e4\u00e4.<\/p>\n","protected":false},"author":2,"featured_media":0,"parent":9,"menu_order":0,"comment_status":"closed","ping_status":"closed","template":"","meta":{"footnotes":""},"_links":{"self":[{"href":"https:\/\/poliisimajalaiset.fi\/index.php?rest_route=\/wp\/v2\/pages\/10"}],"collection":[{"href":"https:\/\/poliisimajalaiset.fi\/index.php?rest_route=\/wp\/v2\/pages"}],"about":[{"href":"https:\/\/poliisimajalaiset.fi\/index.php?rest_route=\/wp\/v2\/types\/page"}],"author":[{"embeddable":true,"href":"https:\/\/poliisimajalaiset.fi\/index.php?rest_route=\/wp\/v2\/users\/2"}],"replies":[{"embeddable":true,"href":"https:\/\/poliisimajalaiset.fi\/index.php?rest_route=%2Fwp%2Fv2%2Fcomments&post=10"}],"version-history":[{"count":4,"href":"https:\/\/poliisimajalaiset.fi\/index.php?rest_route=\/wp\/v2\/pages\/10\/revisions"}],"predecessor-version":[{"id":601,"href":"https:\/\/poliisimajalaiset.fi\/index.php?rest_route=\/wp\/v2\/pages\/10\/revisions\/601"}],"up":[{"embeddable":true,"href":"https:\/\/poliisimajalaiset.fi\/index.php?rest_route=\/wp\/v2\/pages\/9"}],"wp:attachment":[{"href":"https:\/\/poliisimajalaiset.fi\/index.php?rest_route=%2Fwp%2Fv2%2Fmedia&parent=10"}],"curies":[{"name":"wp","href":"https:\/\/api.w.org\/{rel}","templated":true}]}}