{"id":24,"date":"2016-05-05T21:34:09","date_gmt":"2016-05-05T18:34:09","guid":{"rendered":"http:\/\/poliisimajalaiset.fi\/beta\/?page_id=24"},"modified":"2023-04-26T11:03:02","modified_gmt":"2023-04-26T08:03:02","slug":"yhteystiedot","status":"publish","type":"page","link":"https:\/\/poliisimajalaiset.fi\/?page_id=24","title":{"rendered":"Myynniss\u00e4 olevat kes\u00e4majat"},"content":{"rendered":"<p><strong>Myynniss\u00e4 olevat kes\u00e4majat Poliisimajalaiset ry:n alueella.<\/strong><\/p>\n<p>T\u00e4lt\u00e4 sivulta l\u00f6ytyy tieto, jos poliisimajalainen on omaa kes\u00e4majaansa myym\u00e4ss\u00e4 ja on siit\u00e4 yhdistykselle ilmoittanut. Yhdistys ei toimi majakaupoissa v\u00e4litt\u00e4j\u00e4n\u00e4 vaan sivun tarkoitus on helpottaa myyj\u00e4\u00e4 l\u00f6yt\u00e4m\u00e4\u00e4n mahdollinen ostaja.<\/p>\n<p><strong>Kes\u00e4majan myyj\u00e4lle:<\/strong><\/p>\n<p>L\u00e4het\u00e4 <a href=\"mailto:poliisimajalaiset@gmail.com\">poliisimajalaiset@gmail.com<\/a> ilmoitusta varten seuraavat tiedot:<\/p>\n<p>Majan numero, lyhyt kuvan myyntikohteesta ja halutessasi hintapyynt\u00f6. Anna my\u00f6s yhteystietosi mit\u00e4 kautta majasta kiinnostunut sinut tavoittaa.<\/p>\n<p><strong>Kes\u00e4majasta kiinnostuneelle:<\/strong><\/p>\n<p>Kes\u00e4majan hankinta on mahdollista kaikille helsinkil\u00e4isille, joilla ei ole toista kes\u00e4majaa tai siirtolapuutarhaa Helsingiss\u00e4. <a href=\"http:\/\/poliisimajalaiset.fi\/\">Tietoja Poliisimajalaisista<\/a> -sivulta l\u00f6yd\u00e4t infoa yhdistyksemme toiminnasta. Mahdollisia lis\u00e4kysymyksi\u00e4 voit l\u00e4hett\u00e4\u00e4 osoitteeseen <a href=\"mailto:poliisimajalaiset@gmail.com\">poliisimajalaiset@gmail.com<\/a>. Huomioithan, ett\u00e4 yhdistys ei ilmoita aikaisemmin tehtyjen majakauppojen myyntihintaa.<\/p>\n<p><strong>Myynniss\u00e4 olevat kes\u00e4majat:<\/strong><\/p>\n<p>Yhdistykselle ei ole ilmoitettu myynniss\u00e4 olevia kes\u00e4majoja.<\/p>\n<p>\u00a0<\/p>\n<p>\u00a0<\/p>\n<p>\u00a0<\/p>\n<p>\u00a0<\/p>\n<p>\u00a0<\/p>\n\n\n<p><\/p>\n","protected":false},"excerpt":{"rendered":"<p>Myynniss\u00e4 olevat kes\u00e4majat Poliisimajalaiset ry:n alueella. T\u00e4lt\u00e4 sivulta l\u00f6ytyy tieto, jos poliisimajalainen on omaa kes\u00e4majaansa myym\u00e4ss\u00e4 ja on siit\u00e4 yhdistykselle ilmoittanut. Yhdistys ei toimi majakaupoissa v\u00e4litt\u00e4j\u00e4n\u00e4 vaan sivun tarkoitus on helpottaa myyj\u00e4\u00e4 l\u00f6yt\u00e4m\u00e4\u00e4n mahdollinen ostaja. Kes\u00e4majan myyj\u00e4lle: L\u00e4het\u00e4 poliisimajalaiset@gmail.com ilmoitusta varten seuraavat tiedot: Majan numero, lyhyt kuvan myyntikohteesta ja halutessasi hintapyynt\u00f6. Anna my\u00f6s yhteystietosi mit\u00e4 &hellip; <a href=\"https:\/\/poliisimajalaiset.fi\/?page_id=24\" class=\"more-link\">Jatka lukemista<span class=\"screen-reader-text\"> &#8221;Myynniss\u00e4 olevat kes\u00e4majat&#8221;<\/span><\/a><\/p>\n","protected":false},"author":30,"featured_media":0,"parent":0,"menu_order":0,"comment_status":"closed","ping_status":"closed","template":"","meta":{"footnotes":""},"_links":{"self":[{"href":"https:\/\/poliisimajalaiset.fi\/index.php?rest_route=\/wp\/v2\/pages\/24"}],"collection":[{"href":"https:\/\/poliisimajalaiset.fi\/index.php?rest_route=\/wp\/v2\/pages"}],"about":[{"href":"https:\/\/poliisimajalaiset.fi\/index.php?rest_route=\/wp\/v2\/types\/page"}],"author":[{"embeddable":true,"href":"https:\/\/poliisimajalaiset.fi\/index.php?rest_route=\/wp\/v2\/users\/30"}],"replies":[{"embeddable":true,"href":"https:\/\/poliisimajalaiset.fi\/index.php?rest_route=%2Fwp%2Fv2%2Fcomments&post=24"}],"version-history":[{"count":8,"href":"https:\/\/poliisimajalaiset.fi\/index.php?rest_route=\/wp\/v2\/pages\/24\/revisions"}],"predecessor-version":[{"id":606,"href":"https:\/\/poliisimajalaiset.fi\/index.php?rest_route=\/wp\/v2\/pages\/24\/revisions\/606"}],"wp:attachment":[{"href":"https:\/\/poliisimajalaiset.fi\/index.php?rest_route=%2Fwp%2Fv2%2Fmedia&parent=24"}],"curies":[{"name":"wp","href":"https:\/\/api.w.org\/{rel}","templated":true}]}}