{"id":339,"date":"2021-01-19T15:06:56","date_gmt":"2021-01-19T12:06:56","guid":{"rendered":"http:\/\/poliisimajalaiset.fi\/beta\/?page_id=339"},"modified":"2021-02-02T13:13:03","modified_gmt":"2021-02-02T10:13:03","slug":"vanhat-kotisivut","status":"publish","type":"page","link":"https:\/\/poliisimajalaiset.fi\/?page_id=339","title":{"rendered":"Vanhat kotisivut"},"content":{"rendered":"<div class=\"swpm-post-not-logged-in-msg\">You need to be logged in to view this content. Please <a class=\"swpm-login-link\" href=\"http:\/\/poliisimajalaiset.fi\/beta\/?page_id=11\">Log In<\/a>. Eik\u00f6 sinulla ole tunnuksia? <a href=\"http:\/\/poliisimajalaiset.fi\/beta\/?page_id=9\">Luo tunnukset t\u00e4\u00e4ll\u00e4<\/a><\/div>","protected":false},"excerpt":{"rendered":"<p>You need to be logged in to view this content. Please Log In. Eik\u00f6 sinulla ole tunnuksia? Luo tunnukset t\u00e4\u00e4ll\u00e4<\/p>\n","protected":false},"author":30,"featured_media":0,"parent":0,"menu_order":0,"comment_status":"closed","ping_status":"closed","template":"","meta":{"footnotes":""},"_links":{"self":[{"href":"https:\/\/poliisimajalaiset.fi\/index.php?rest_route=\/wp\/v2\/pages\/339"}],"collection":[{"href":"https:\/\/poliisimajalaiset.fi\/index.php?rest_route=\/wp\/v2\/pages"}],"about":[{"href":"https:\/\/poliisimajalaiset.fi\/index.php?rest_route=\/wp\/v2\/types\/page"}],"author":[{"embeddable":true,"href":"https:\/\/poliisimajalaiset.fi\/index.php?rest_route=\/wp\/v2\/users\/30"}],"replies":[{"embeddable":true,"href":"https:\/\/poliisimajalaiset.fi\/index.php?rest_route=%2Fwp%2Fv2%2Fcomments&post=339"}],"version-history":[{"count":3,"href":"https:\/\/poliisimajalaiset.fi\/index.php?rest_route=\/wp\/v2\/pages\/339\/revisions"}],"predecessor-version":[{"id":352,"href":"https:\/\/poliisimajalaiset.fi\/index.php?rest_route=\/wp\/v2\/pages\/339\/revisions\/352"}],"wp:attachment":[{"href":"https:\/\/poliisimajalaiset.fi\/index.php?rest_route=%2Fwp%2Fv2%2Fmedia&parent=339"}],"curies":[{"name":"wp","href":"https:\/\/api.w.org\/{rel}","templated":true}]}}