{"id":566,"date":"2023-01-22T12:56:02","date_gmt":"2023-01-22T09:56:02","guid":{"rendered":"http:\/\/poliisimajalaiset.fi\/?page_id=566"},"modified":"2023-06-14T10:48:33","modified_gmt":"2023-06-14T07:48:33","slug":"majalaisen-tietopankki","status":"publish","type":"page","link":"https:\/\/poliisimajalaiset.fi\/?page_id=566","title":{"rendered":"Majalaisen tietopankki"},"content":{"rendered":"<div class=\"swpm-post-not-logged-in-msg\">You need to be logged in to view this content. Please <a class=\"swpm-login-link\" href=\"http:\/\/poliisimajalaiset.fi\/beta\/?page_id=11\">Log In<\/a>. Eik\u00f6 sinulla ole tunnuksia? <a href=\"http:\/\/poliisimajalaiset.fi\/beta\/?page_id=9\">Luo tunnukset t\u00e4\u00e4ll\u00e4<\/a><\/div>","protected":false},"excerpt":{"rendered":"<p>You need to be logged in to view this content. Please Log In. Eik\u00f6 sinulla ole tunnuksia? Luo tunnukset t\u00e4\u00e4ll\u00e4<\/p>\n","protected":false},"author":30,"featured_media":0,"parent":0,"menu_order":0,"comment_status":"closed","ping_status":"closed","template":"","meta":{"footnotes":""},"_links":{"self":[{"href":"https:\/\/poliisimajalaiset.fi\/index.php?rest_route=\/wp\/v2\/pages\/566"}],"collection":[{"href":"https:\/\/poliisimajalaiset.fi\/index.php?rest_route=\/wp\/v2\/pages"}],"about":[{"href":"https:\/\/poliisimajalaiset.fi\/index.php?rest_route=\/wp\/v2\/types\/page"}],"author":[{"embeddable":true,"href":"https:\/\/poliisimajalaiset.fi\/index.php?rest_route=\/wp\/v2\/users\/30"}],"replies":[{"embeddable":true,"href":"https:\/\/poliisimajalaiset.fi\/index.php?rest_route=%2Fwp%2Fv2%2Fcomments&post=566"}],"version-history":[{"count":13,"href":"https:\/\/poliisimajalaiset.fi\/index.php?rest_route=\/wp\/v2\/pages\/566\/revisions"}],"predecessor-version":[{"id":639,"href":"https:\/\/poliisimajalaiset.fi\/index.php?rest_route=\/wp\/v2\/pages\/566\/revisions\/639"}],"wp:attachment":[{"href":"https:\/\/poliisimajalaiset.fi\/index.php?rest_route=%2Fwp%2Fv2%2Fmedia&parent=566"}],"curies":[{"name":"wp","href":"https:\/\/api.w.org\/{rel}","templated":true}]}}