{"id":89,"date":"2017-04-03T20:56:46","date_gmt":"2017-04-03T17:56:46","guid":{"rendered":"http:\/\/poliisimajalaiset.fi\/beta\/?page_id=89"},"modified":"2025-10-10T12:26:04","modified_gmt":"2025-10-10T09:26:04","slug":"info","status":"publish","type":"page","link":"https:\/\/poliisimajalaiset.fi\/","title":{"rendered":"Tietoa Poliisimajalaisista"},"content":{"rendered":"<p>Poliisimajalalaiset ry on 1997 perustettu kes\u00e4majayhdistys. Meill\u00e4 on Helsingin kaupungin kanssa vuoden 2032 loppuun saakka ulottuva maanvuokrasopimus 63 kes\u00e4majan pidosta Helsingin Lauttasaaressa L\u00e4nsiulapanniemell\u00e4. Kes\u00e4majamme sijaitsevat Kyyluodontien kautta L\u00e4nsiulapanniemelle tultaessa tien molemmin puolin.<\/p>\n<p>Majamme ovat s\u00e4hk\u00f6tt\u00f6mi\u00e4 enint\u00e4\u00e4n 14 neli\u00f6metrin kokoisia majoja, joita alueellamme on ollut jo 1950-luvun alusta. Kes\u00e4majatoimintaa on p\u00e4\u00e4s\u00e4\u00e4nt\u00f6isesti touko\u2013lokakuussa, joskin aktiivisimmat majalaiset py\u00f6r\u00e4ht\u00e4v\u00e4t majoillaan my\u00f6s talviaikaan. <strong>Kes\u00e4majan hankinta yhdistyksemme alueelta on mahdollista kaikille helsinkil\u00e4isille, joilla ei ole toista kes\u00e4majaa tai siirtolapuutarhaa Helsingiss\u00e4.<\/strong><\/p>\n<p>Maanvuokrasopimuksen solmimisen lis\u00e4ksi yhdistys organisoi majalaisten vesi-, vessa- ja j\u00e4tehuollon sek\u00e4 j\u00e4rjest\u00e4\u00e4 j\u00e4senilleen yhteisi\u00e4 tapahtumia ja yll\u00e4pit\u00e4\u00e4 hyv\u00e4\u00e4 yhteishenke\u00e4. Alueellamme on ns. kes\u00e4vesi, puuseet ja s\u00e4hk\u00f6istetty huoltorakennus majalaisten k\u00e4ytt\u00f6\u00f6n. Valvomme osaltamme my\u00f6s alueen yleist\u00e4 siisteytt\u00e4 ja majojen uudisrakentamista. Alueella on vuonna 2003 vahvistettu asemaakaava ja kaupunki on vuonna 2010 vahvistanut rakentamistapaohjeet. N\u00e4m\u00e4 yhdess\u00e4 maanvuokrasopimuksemme kanssa m\u00e4\u00e4rittelev\u00e4t maja-alueen, majojen ulkon\u00e4\u00f6n ja kes\u00e4majatoiminnan periaatteet.<\/p>\n<p>Yhdistyksemme verkkosivut ovat osoitteessa <a href=\"http:\/\/www.poliisimajalaiset.fi\">www.poliisimajalaiset.fi<\/a>. Yhdistyksen s\u00e4hk\u00f6postiosoite on <a href=\"mailto:poliisimajalaiset@gmail.com\">poliisimajalaiset@gmail.com<\/a> ja virallinen osoite on Poliisimajalaiset ry, c\/o Matti Koskinen, Fleminginkatu 2 C 31, 00530 Helsinki. Yhdistyksen puheenjohtajana vuonna 2025 toimii Suvi Kostian.<\/p>\n<p>L\u00e4nsiulapanniemell\u00e4 toimii my\u00f6s muita yhdistyksi\u00e4, joiden kaikkien kanssa teemme aktiivista yhteisty\u00f6t\u00e4. N\u00e4m\u00e4 yhdistykset ovat<\/p>\n<ul>\n<li>Helsingin poliisilaitoksen kes\u00e4kotiyhdistys ry, joka hallinnoi Poliisien kes\u00e4kotia sek\u00e4 Poliisien saunaa, <a href=\"http:\/\/www.poliisienkesakoti.fi\">www.poliisienkesakoti.fi<\/a><\/li>\n<li>Sotainvalidien kes\u00e4majayhdistys ry.\u00a0<a href=\"https:\/\/www.soke.fi\/\">https:\/\/www.soke.fi\/<\/a><\/li>\n<li>HKL-kes\u00e4majat ry, <a href=\"http:\/\/hklkesamajat.nettisivu.org\">http:\/\/hklkesamajat.nettisivu.org<\/a><\/li>\n<\/ul>\n<p>Lis\u00e4tietoja Poliisimajalaiset ry:st\u00e4 saat k\u00e4tevimmin s\u00e4hk\u00f6postimme kautta.<\/p>\n<p>Yst\u00e4v\u00e4llisin terveisin<\/p>\n<p>Poliisimajalaiset ry:n hallitus<\/p>\n","protected":false},"excerpt":{"rendered":"<p>Poliisimajalalaiset ry on 1997 perustettu kes\u00e4majayhdistys. Meill\u00e4 on Helsingin kaupungin kanssa vuoden 2032 loppuun saakka ulottuva maanvuokrasopimus 63 kes\u00e4majan pidosta Helsingin Lauttasaaressa L\u00e4nsiulapanniemell\u00e4. Kes\u00e4majamme sijaitsevat Kyyluodontien kautta L\u00e4nsiulapanniemelle tultaessa tien molemmin puolin. Majamme ovat s\u00e4hk\u00f6tt\u00f6mi\u00e4 enint\u00e4\u00e4n 14 neli\u00f6metrin kokoisia majoja, joita alueellamme on ollut jo 1950-luvun alusta. Kes\u00e4majatoimintaa on p\u00e4\u00e4s\u00e4\u00e4nt\u00f6isesti touko\u2013lokakuussa, joskin aktiivisimmat majalaiset py\u00f6r\u00e4ht\u00e4v\u00e4t &hellip; <a href=\"https:\/\/poliisimajalaiset.fi\/\" class=\"more-link\">Jatka lukemista<span class=\"screen-reader-text\"> &#8221;Tietoa Poliisimajalaisista&#8221;<\/span><\/a><\/p>\n","protected":false},"author":9,"featured_media":0,"parent":0,"menu_order":0,"comment_status":"closed","ping_status":"closed","template":"","meta":{"footnotes":""},"_links":{"self":[{"href":"https:\/\/poliisimajalaiset.fi\/index.php?rest_route=\/wp\/v2\/pages\/89"}],"collection":[{"href":"https:\/\/poliisimajalaiset.fi\/index.php?rest_route=\/wp\/v2\/pages"}],"about":[{"href":"https:\/\/poliisimajalaiset.fi\/index.php?rest_route=\/wp\/v2\/types\/page"}],"author":[{"embeddable":true,"href":"https:\/\/poliisimajalaiset.fi\/index.php?rest_route=\/wp\/v2\/users\/9"}],"replies":[{"embeddable":true,"href":"https:\/\/poliisimajalaiset.fi\/index.php?rest_route=%2Fwp%2Fv2%2Fcomments&post=89"}],"version-history":[{"count":14,"href":"https:\/\/poliisimajalaiset.fi\/index.php?rest_route=\/wp\/v2\/pages\/89\/revisions"}],"predecessor-version":[{"id":770,"href":"https:\/\/poliisimajalaiset.fi\/index.php?rest_route=\/wp\/v2\/pages\/89\/revisions\/770"}],"wp:attachment":[{"href":"https:\/\/poliisimajalaiset.fi\/index.php?rest_route=%2Fwp%2Fv2%2Fmedia&parent=89"}],"curies":[{"name":"wp","href":"https:\/\/api.w.org\/{rel}","templated":true}]}}